{"id":71,"date":"2012-04-07T16:19:37","date_gmt":"2012-04-07T16:19:37","guid":{"rendered":"https:\/\/www.ssl360.de\/spiekerooger-stiftung\/?page_id=71"},"modified":"2024-10-18T21:53:35","modified_gmt":"2024-10-18T21:53:35","slug":"impressum","status":"publish","type":"page","link":"https:\/\/spiekeroogerstiftung.de\/wp\/?page_id=71","title":{"rendered":"Impressum"},"content":{"rendered":"<table border=\"0\" summary=\"Angaben zum Impressum\" cellspacing=\"12\" cellpadding=\"2\">\n<tbody>\n<tr valign=\"top\">\n<td align=\"right\" valign=\"top\"><strong><br \/>\nHerausgeber<br \/>\n<\/strong><strong><br \/>\n<\/strong><\/td>\n<td><strong><br \/>\n<\/strong><strong><br \/>\nSpiekerooger Stiftung<\/strong><br \/>\nTranpad 15<br \/>\n26474 Spiekeroog<br \/>\nTelefon (04976) 706879<br \/>\nTelefax (04976) 706879<br \/>\n<a href=\"https:\/\/www.spiekerooger-stiftung.de\">https:\/\/www.spiekerooger-stiftung.de<\/a><br \/>\neMail: <a href=\"mailto:info@spiekerooger-stiftung.de\">info(at)spiekerooger-stiftung.de<\/a><\/td>\n<\/tr>\n<tr valign=\"top\">\n<td align=\"right\" valign=\"top\"><strong>Inhaltlich Verantwortlicher<\/strong><\/td>\n<td>\u00a0Der Vorstand<\/td>\n<\/tr>\n<tr valign=\"top\">\n<td align=\"right\" valign=\"top\"><strong>Rechtlicher Hinweis<\/strong><\/td>\n<td>\u00a0Die Spiekerooger Stiftung ist eine Stiftung des b\u00fcrgerlichen Rechts und eine kirchliche Stiftung im Sinne von \u00a7 20 des Nieders\u00e4chsischen Stiftungsgesetzes. Sie ist als gemeinn\u00fctzig anerkannt.<\/td>\n<\/tr>\n<tr valign=\"top\">\n<td align=\"right\" valign=\"top\"><strong>Haftungshinweis<\/strong><\/td>\n<td>\u00a0Trotz sorgf\u00e4ltiger inhaltlicher Kontrolle \u00fcbernehmen wir keine Haftung f\u00fcr die Inhalte externer Links. F\u00fcr den Inhalt der verlinkten Seiten sind ausschlie\u00dflich deren Betreiber verantwortlich.<\/td>\n<\/tr>\n<tr valign=\"top\">\n<td align=\"right\"><strong>Bankverbindungen<\/strong><\/td>\n<td><strong><br \/>\nSpendenkonten<\/strong><br \/>\nRaiffeisen-Volksbank Fresena e.G<br \/>\nBIC GENODEF1MAR<br \/>\nIBAN DE88 2836 1592 0022 2666 00<br \/>\nKreissparkasse LeerWittmund<br \/>\nBIC BRLADE21LER<br \/>\nIBAN DE61 2855 0000 0040 0040 04<\/td>\n<\/tr>\n<\/tbody>\n<\/table>\n<p>Das Logo der Spiekerooger Stiftung wurde von dem Spiekerooger Torsten Eiben anl\u00e4sslich der Stiftungsgr\u00fcndung 2007 erschaffen und unentgeltlich \u00fcberlassen.<br \/>\nDas Logo beschreibt die Alte Inselkirche Spiekeroog (erbaut 1696) auf einer Kogge, dem Spiekerooger Inselwappen entsprechend, getragen in Gottes H\u00e4nden.<br \/>\nBilder: u.a. panoramawerkstatt.de\/ JMG-pixelio.de \/<br \/>\n&#8212;&#8212;&#8212;&#8212;&#8212;&#8212;&#8212;&#8212;&#8212;&#8212;&#8212;&#8212;&#8212;&#8212;&#8212;&#8212;&#8212;&#8212;&#8212;&#8212;-<\/p>\n<p>Diese Seite wurde erstellt und wird betreut von der <a href=\"https:\/\/www.wattweb.de\" target=\"_blank\" rel=\"noopener\">wattweb medienagentur<\/a><\/p>\n<p>&#8212;&#8212;&#8212;&#8212;&#8212;&#8212;&#8212;&#8212;&#8212;&#8212;&#8212;&#8212;&#8212;&#8212;&#8212;&#8212;&#8212;&#8212;&#8212;&#8212;-<\/p>\n<p><span style=\"font-family: Helvetica,Geneva,Arial,SunSans-Regular,sans-serif; font-size: x-small;\"><strong>Haftungsausschluss \/ Disclaimer:<\/strong><br \/>\nWir distanzieren uns ausdr\u00fccklich von allen Inhalten externer Links und machen uns deren Inhalte nicht zu eigen. F\u00fcr den Inhalt der verlinkten Seiten sind ausschlie\u00dflich deren Betreiber verantwortlich.<br \/>\nAlle Informationen auf diesen Internetseiten \/ dem Server werden nach bestem Wissen und Gewissen zusammengestellt, ihre Ver\u00f6ffentlichungen erfolgen ausdr\u00fccklich ohne Gew\u00e4hr f\u00fcr ihre sachliche oder inhaltliche Richtigkeit.<br \/>\nIn keinem Fall wird f\u00fcr Sch\u00e4den und ihre Folgen, die sich aus der Verwendung der abgerufenen Informationen ergeben, eine Haftung \u00fcbernommen.<\/span><\/p>\n","protected":false},"excerpt":{"rendered":"<p>Herausgeber Spiekerooger Stiftung Tranpad 15 26474 Spiekeroog Telefon (04976) 706879 Telefax (04976) 706879 https:\/\/www.spiekerooger-stiftung.de eMail: info(at)spiekerooger-stiftung.de Inhaltlich Verantwortlicher \u00a0Der Vorstand Rechtlicher Hinweis \u00a0Die Spiekerooger Stiftung ist eine Stiftung des b\u00fcrgerlichen Rechts und eine kirchliche Stiftung im Sinne von \u00a7 20 des Nieders\u00e4chsischen Stiftungsgesetzes. Sie ist als gemeinn\u00fctzig anerkannt. Haftungshinweis \u00a0Trotz sorgf\u00e4ltiger inhaltlicher Kontrolle \u00fcbernehmen wir [&hellip;]<\/p>\n","protected":false},"author":4,"featured_media":0,"parent":0,"menu_order":7,"comment_status":"open","ping_status":"open","template":"","meta":{"footnotes":""},"class_list":["post-71","page","type-page","status-publish","hentry"],"_links":{"self":[{"href":"https:\/\/spiekeroogerstiftung.de\/wp\/index.php?rest_route=\/wp\/v2\/pages\/71","targetHints":{"allow":["GET"]}}],"collection":[{"href":"https:\/\/spiekeroogerstiftung.de\/wp\/index.php?rest_route=\/wp\/v2\/pages"}],"about":[{"href":"https:\/\/spiekeroogerstiftung.de\/wp\/index.php?rest_route=\/wp\/v2\/types\/page"}],"author":[{"embeddable":true,"href":"https:\/\/spiekeroogerstiftung.de\/wp\/index.php?rest_route=\/wp\/v2\/users\/4"}],"replies":[{"embeddable":true,"href":"https:\/\/spiekeroogerstiftung.de\/wp\/index.php?rest_route=%2Fwp%2Fv2%2Fcomments&post=71"}],"version-history":[{"count":44,"href":"https:\/\/spiekeroogerstiftung.de\/wp\/index.php?rest_route=\/wp\/v2\/pages\/71\/revisions"}],"predecessor-version":[{"id":2330,"href":"https:\/\/spiekeroogerstiftung.de\/wp\/index.php?rest_route=\/wp\/v2\/pages\/71\/revisions\/2330"}],"wp:attachment":[{"href":"https:\/\/spiekeroogerstiftung.de\/wp\/index.php?rest_route=%2Fwp%2Fv2%2Fmedia&parent=71"}],"curies":[{"name":"wp","href":"https:\/\/api.w.org\/{rel}","templated":true}]}}