{"id":66,"date":"2012-04-07T16:18:19","date_gmt":"2012-04-07T16:18:19","guid":{"rendered":"https:\/\/www.ssl360.de\/spiekerooger-stiftung\/?page_id=66"},"modified":"2026-04-08T20:24:53","modified_gmt":"2026-04-08T20:24:53","slug":"satzung","status":"publish","type":"page","link":"https:\/\/spiekeroogerstiftung.de\/wp\/?page_id=66","title":{"rendered":"Satzung"},"content":{"rendered":"<p><em>\u00a0 \u00a0 \u00a0 \u00a0 \u00a0 \u00a0 \u00a0 \u00a0 \u00a0 \u00a0 \u00a0 \u00a0 \u00a0 \u00a0 \u00a0 \u00a0 \u00a0 \u00a0 \u00a0 \u00a0 \u00a0 \u00a0 \u00a0 \u00a0 \u00a0 \u00a0 \u00a0 \u00a0 \u00a0 \u00a0 \u00a0 \u00a0 \u00a0 \u00a0 \u00a0 \u00a0 \u00a0 \u00a0 \u00a0 \u00a0 \u00a0 \u00a0 \u00a0 \u00a0 \u00a0 \u00a0 \u00a0 \u00a0 \u00a0 \u00a0 \u00a0 \u00a0 \u00a0\u00a0 \u00a0 \u00a0\u00a0\u00a0 Stand: 05. Dezember 2025\u00a0 \u00a0 \u00a0 \u00a0 \u00a0 \u00a0 \u00a0 \u00a0 \u00a0 Version vom: 20. Mai 2017<br \/>\n<\/em><\/p>\n<p><strong>\u00a0\u00a0\u00a0\u00a0\u00a0\u00a0\u00a0\u00a0\u00a0\u00a0\u00a0\u00a0\u00a0\u00a0\u00a0\u00a0\u00a0\u00a0\u00a0\u00a0\u00a0\u00a0\u00a0\u00a0\u00a0\u00a0\u00a0\u00a0\u00a0\u00a0\u00a0\u00a0\u00a0\u00a0\u00a0\u00a0\u00a0\u00a0\u00a0\u00a0\u00a0\u00a0\u00a0\u00a0 Satzung der Spiekerooger Stiftung<\/strong><\/p>\n<p><strong>Evangelische Stiftung zum Erhalt und zur F\u00f6rderung des kirchlichen Lebens auf Spiekeroog<\/strong><\/p>\n<p>\u00a7 1 \u00a0 <strong>Rechtsform, Name, Sitz<\/strong><br \/>\n1. Die Stiftung ist eine Stiftung des b\u00fcrgerlichen Rechts und eine kirchliche Stiftung im Sinne<br \/>\nvon \u00a7 20 des Nieders\u00e4chsischen Stiftungsgesetzes.<br \/>\n2. Der Name der Stiftung lautet Spiekerooger Stiftung &#8211; Evangelische Stiftung zum<br \/>\nErhalt und zur F\u00f6rderung des kirchlichen Lebens auf Spiekeroog.<br \/>\n3. Die Stiftung hat ihren Sitz in Spiekeroog.<\/p>\n<p>\u00a7 2\u00a0\u00a0 <strong>Stiftungszweck<\/strong><br \/>\n1. Zweck der Stiftung ist die F\u00f6rderung des kirchlichen Lebens auf Spiekeroog.<br \/>\n2. Gegenstand der F\u00f6rderung sind alle Bereiche, die dem kirchlichen Auftrag, also<br \/>\ndem christlich verstandenen Gemeinwohl dienen:<br \/>\na) F\u00f6rderung der Verk\u00fcndigung, der Diakonie und der \u00d6kumene<br \/>\nb) F\u00f6rderung von Projekten, die der Bewahrung und Weiterentwicklung einer<br \/>\nchristlich gepr\u00e4gten Gesellschaft dienen; insoweit auch Bauunterhaltung<br \/>\nc) F\u00f6rderung von Projekten, die dem Einsatz f\u00fcr Gerechtigkeit, Frieden und<br \/>\nBewahrung der Sch\u00f6pfung (konziliarer Proze\u00df) dienen.<br \/>\nd) Unterst\u00fctzung von Personalstellen<\/p>\n<p>\u00a7 3\u00a0\u00a0 <strong>Gemeinn\u00fctzigkeit<\/strong><br \/>\n1. Die Stiftung verfolgt ausschlie\u00dflich und unmittelbar steuerbeg\u00fcnstigte Zwecke<br \/>\nim Sinne des Abschnitts \u201eSteuerbeg\u00fcnstigte Zwecke\u201c der Abgabenordnung (AO),<br \/>\nund zwar gemeinn\u00fctzige Zwecke (\u00a752 AO) und kirchliche Zwecke (\u00a754 AO).<br \/>\n2. Die Mittel der Stiftung d\u00fcrfen nur f\u00fcr satzungsgem\u00e4\u00dfe Zwecke verwendet<br \/>\nwerden. Die Vorstandsmitglieder erhalten keine Zuwendungen oder<br \/>\nGewinnanteile aus Mitteln der Stiftung.\u00a0Es darf keine Person<br \/>\ndurch Ausgaben, die dem Zweck der Stiftung fremd sind, oder durch<br \/>\nunverh\u00e4ltnism\u00e4\u00dfig hohe Verg\u00fctungen beg\u00fcnstigt werden.<br \/>\n3. Die Stiftung ist selbstlos t\u00e4tig; sie verfolgt nicht in erster Linie<br \/>\neigenwirtschaftliche Zwecke.<br \/>\n4. Ein Rechtsanspruch auf F\u00f6rderung durch Mittel der Stiftung besteht nicht.<\/p>\n<p>\u00a7 4\u00a0\u00a0 <strong>Stiftungsverm\u00f6gen<\/strong><br \/>\n1. Das Verm\u00f6gen der Stiftung besteht aus den im Stiftungsgesch\u00e4ft zugesagten<br \/>\nAnfangsverm\u00f6gen und den Zustiftungen.<br \/>\n2. Das Stiftungsverm\u00f6gen ist in seinem Bestand ungeschm\u00e4lert zu erhalten.<br \/>\nVerm\u00f6gensumschichtungen sind zul\u00e4ssig, wobei der Grundsatz der<br \/>\nBestandserhaltung zu beachten und eine m\u00f6glichst ertragreiche Anlage unter<br \/>\nethisch-nachhaltigen Kriterien anzustreben ist. Zustiftungen in H\u00f6he von<br \/>\nmindestens \u20ac 300,- sind m\u00f6glich und erw\u00fcnscht.<br \/>\n3. Soweit vom Gebenden nicht anders bestimmt, werden Zuwendungen von \u20ac 300,-<br \/>\nund mehr als Zustiftung, ansonsten als Spende angesehen.<br \/>\n4. Zur Erf\u00fcllung des Stiftungszweckes stehen ausschlie\u00dflich die Verm\u00f6gensertr\u00e4ge<br \/>\nsowie etwaige Zuwendungen zur Verf\u00fcgung, soweit diese nicht vom<br \/>\nZuwendenden als Zustiftung zur Vermehrung des Stiftungsverm\u00f6gens bestimmt<br \/>\nsind.<br \/>\n5. Im Rahmen der steuerrechtlichen Bestimmungen kann eine freie R\u00fccklage<br \/>\ngebildet werden. Die in der freien R\u00fccklage eingestellten Betr\u00e4ge geh\u00f6ren zum<br \/>\nStiftungsverm\u00f6gen.<br \/>\n6. Zur nachhaltigen Erf\u00fcllung des Stiftungszwecks k\u00f6nnen die Mittel der Stiftung<br \/>\nganz oder teilweise einer zweckgebundenen R\u00fccklage zugef\u00fchrt werden, soweit<br \/>\nf\u00fcr die Verwendung der R\u00fccklage konkrete Zeit- und Zielvorstellungen bestehen.<\/p>\n<p>\u00a7 5\u00a0\u00a0 <strong>Gesch\u00e4ftsjahr<\/strong><br \/>\nGesch\u00e4ftsjahr ist das Kalenderjahr.<\/p>\n<p>\u00a7 6\u00a0 <strong>Stiftungsorgane<\/strong><br \/>\nStiftungsorgane sind der Vorstand und die Stifterversammlung.<\/p>\n<p>\u00a7 7\u00a0\u00a0 <strong>Vorstand<\/strong><br \/>\n1. Der Vorstand besteht aus mindestens 3 und bis zu f\u00fcnf stimmberechtigten Mitgliedern.<br \/>\n2. Die Mitglieder des Vorstandes sind ehrenamtlich t\u00e4tig. Die nachgewiesenen<br \/>\nnotwendigen baren Auslagen werden ihnen erstattet.<br \/>\n3. Die Mitglieder des Vorstands werden berufen.<br \/>\na) Drei der Vorstandsmitglieder werden vom Kirchenvorstand der Ev.-luth.<br \/>\nKirchengemeinde Spiekeroog berufen.<br \/>\nb) Ein Vorstandsmitglied kann vom Spiekerooger Gemeinderat berufen werden.<br \/>\nc) Ein Vorstandsmitglied kann durch die Stifterversammlung berufen werden.<br \/>\n4. Alle Mitglieder des Vorstands m\u00fcssen einer der ACK angeschlossenen Kirche<br \/>\nangeh\u00f6ren. Dar\u00fcber hinaus gilt dass sie in ihrer Mehrheit Glieder der Ev.-luth.<br \/>\nLandeskirche sein m\u00fcssen.<br \/>\n5. Die vom Kirchenvorstand und vom Gemeinderat berufenen Vorstandsmitglieder<br \/>\nm\u00fcssen ihren Wohnsitz auf Spiekeroog haben.<br \/>\n6. Die Vorstandsmitglieder werden f\u00fcr vier Jahre berufen. Wiederberufungen sind<br \/>\nzul\u00e4ssig.<br \/>\n7. Die Mitglieder der Vorstands scheiden aus:<br \/>\na) nach Ablauf ihrer Amtszeit.<br \/>\nb) durch R\u00fccktritt, der gegen\u00fcber dem Vorstand der Stiftung zu erkl\u00e4ren und<br \/>\nvon diesem dem Vorstand der ev.-luth. Kirchengemeinde Spiekeroog<br \/>\nnachrichtlich mitzuteilen ist.<br \/>\nc) mit Vollendung des vierundsiebzigsten Lebensjahres. \u00dcber eine Anpassung<br \/>\ndieser Bestimmung bei Ver\u00e4nderung der Lebensbedingungen entscheiden die<br \/>\ndrei berufenden Gremien einvernehmlich.<br \/>\n8. Der Stiftungsvorstand kann ein Mitglied des Vorstandes abberufen, wenn dies<br \/>\nein wichtiger Grund im Interesse der Stiftung n\u00f6tig macht. Ein Grund ist<br \/>\ninsbesondere grobe Pflichtverletzung oder Unf\u00e4higkeit zur ordnungsm\u00e4\u00dfigen<br \/>\nGesch\u00e4ftsf\u00fchrung.<br \/>\n9.\u00a0 &#8211; gestrichen &#8211;<br \/>\n10. Der Vorstand kann bis zu zwei Beisitzer ohne Stimmrecht berufen.<\/p>\n<p>\u00a78\u00a0\u00a0 <strong>Vorsitz, Einberufung, Beschlussf\u00e4higkeit, Protokollf\u00fchrung des Vorstands<\/strong><br \/>\n1. Der Vorstand w\u00e4hlt aus seiner Mitte eine Vorsitzende\/einen Vorsitzenden und<br \/>\neine stellvertretende Vorsitzende\/einen stellvertretenden Vorsitzenden.<br \/>\n2. Die\/der Vorsitzende &#8211; bei ihrer\/seiner Verhinderung die\/der stellvertretende<br \/>\nVorsitzende &#8211; l\u00e4dt den Vorstand nach Bedarf, mindestens jedoch einmal im<br \/>\nGesch\u00e4ftsjahr schriftlich unter Angabe der Tagesordnung zu einer Sitzung ein.<br \/>\n3. Die Einladung muss den Mitgliedern des Vorstandes sp\u00e4testens eine Woche vor<br \/>\nSitzungstermin zugehen.<br \/>\n4. Der Vorstand ist beschlussf\u00e4hig, wenn die Mehrheit der Vorstandsmitglieder anwesend ist.<br \/>\nBeschl\u00fcsse werden mit einfacher Stimmenmehrheit der auf ja oder nein<br \/>\nlautenden Stimmen gefasst. Stimmenthaltung ist zul\u00e4ssig. Bei Stimmengleichheit<br \/>\ngilt der Antrag als abgelehnt.<br \/>\n5. \u00dcber die Sitzung ist ein Protokoll zu f\u00fchren, das von allen Mitgliedern des<br \/>\nVorstands, die an der Sitzung teilgenommen haben, zu unterschreiben ist.<br \/>\n6. Beschl\u00fcsse im schriftlichen Umlaufverfahren sind zul\u00e4ssig, sofern sie nicht<br \/>\nGegenstand des \u00a7 13 sind und kein Vorstandsmitglied widerspricht.<\/p>\n<p>\u00a7 9\u00a0\u00a0 <strong>Aufgaben des Vorstandes<\/strong><br \/>\n1. Der Vorstand verwaltet die Stiftung. Dazu geh\u00f6ren insbesondere<br \/>\na) die Verwaltung des Stiftungsverm\u00f6gens,<br \/>\nb) die Beschlussfassung \u00fcber die Vergabe der Stiftungsmittel,<br \/>\nc) die Aufstellung und Abnahme der Jahresrechnung, einschlie\u00dflich einer Verm\u00f6gens\u00fcbersicht<br \/>\nsowie Erstellung eines Jahresberichtes.<br \/>\nd) die Berichterstattung \u00fcber die T\u00e4tigkeit der Stiftung, insbesondere gegen\u00fcber<br \/>\nder Stifterversammlung,<br \/>\ne) die Einberufung der Stifterversammlung und deren Leitung bis zur Wahl des<br \/>\nVersammlungsleiters\/der Versammlungsleiterin.<br \/>\n2. Die zur Aufgabenerf\u00fcllung notwendigen Grunds\u00e4tze und die innere Ordnung der<br \/>\nVerwaltungsf\u00fchrung regelt der Vorstand bei Bedarf in einer Gesch\u00e4ftsordnung.<br \/>\n3. Zu Beginn eines jeden Gesch\u00e4ftsjahres soll der Vorstand einen Voranschlag<br \/>\n(Wirtschaftsplan) aufstellen, der die Grundlage f\u00fcr die Verwaltung der<br \/>\nvoraussichtlichen Einnahmen und Ausgaben bildet.<br \/>\n4.\u00a0 &#8211; gestrichen &#8211;<br \/>\n5. Der Vorstand kann sich bei der Erf\u00fcllung seiner Aufgaben der Hilfe Dritter bedienen.<\/p>\n<p>&nbsp;<\/p>\n<p>\u00a7 10\u00a0\u00a0 <strong>Stifterversammlung<\/strong><br \/>\n1. Die Stifterversammlung besteht aus allen Gr\u00fcndungsstiftern sowie denjenigen<br \/>\nZustiftern, die mindestens einen Betrag von einmalig 300 \u20ac zugestiftet haben..<br \/>\n2. Der Vorstand nimmt ohne Stimmrecht an der Stifterversammlung teil.<\/p>\n<p>\u00a711\u00a0\u00a0 <strong>Vorsitz, Einberufung, Beschlussf\u00e4higkeit, Protokollf\u00fchrung<br \/>\nder Stifterversammlung<\/strong><br \/>\n1. Die Stifterversammlung tagt mindestens in jedem zweiten Gesch\u00e4ftsjahr,<br \/>\nm\u00f6glichst jedoch j\u00e4hrlich.<br \/>\n2. Die Stifterversammlung w\u00e4hlt zu Beginn der Versammlung aus ihrer Mitte eine<br \/>\nVersammlungsleiterin\/einen Versammlungsleiter f\u00fcr die Dauer der<br \/>\nVersammlung.<br \/>\n3. Die Einladung zur Stifterversammlung muss den Mitgliedern sp\u00e4testens drei<br \/>\nWochen vor Versammlungstermin zugehen.<br \/>\n4. Die Stifterversammlung ist beschlussf\u00e4hig, wenn mindestens ein Stifter<br \/>\nanwesend ist. Beschl\u00fcsse werden mit einfacher Stimmenmehrheit der auf ja oder<br \/>\nnein lautenden Stimmen gefasst. Stimmenthaltung ist zul\u00e4ssig. Bei<br \/>\nStimmengleichheit gilt der Antrag als abgelehnt.<br \/>\n5. \u00dcber die Sitzung ist ein Protokoll zu f\u00fchren, das vom Versammlungsleiter\/der<br \/>\nVersammlungsleiterin und von einem Mitglied des Vorstands, das an der Sitzung<br \/>\nteilgenommen hat, zu unterschreiben ist.<\/p>\n<p>\u00a7 12\u00a0\u00a0 <strong>Aufgaben der Stifterversammlung<\/strong><br \/>\n1. Die Aufgaben der Stifterversammlung sind insbesondere<br \/>\na) die Entgegennahme des Berichts des Vorstands<br \/>\nb) die Berufung eines Mitglieds in den Vorstand.<br \/>\n2. Die Stifterversammlung kann sich mit Anfragen und Antr\u00e4gen an den Vorstand<br \/>\nwenden.<\/p>\n<p>\u00a7 13\u00a0\u00a0 <strong>Satzungs\u00e4nderungen<\/strong><br \/>\n1. \u00c4nderungen des Stiftungszwecks, die Zusammenlegung der Stiftung mit einer<br \/>\nanderen Stiftung oder die Aufl\u00f6sung der Stiftung sind zul\u00e4ssig, wenn die<br \/>\nErf\u00fcllung des Stiftungszwecks unm\u00f6glich geworden oder angesichts wesentlicher<br \/>\nVer\u00e4nderungen der Verh\u00e4ltnisse nicht mehr sinnvoll erscheint.<br \/>\n2. Beschl\u00fcsse \u00fcber eine \u00c4nderung der Satzung in anderen F\u00e4llen als denen des Abs.<br \/>\n1 sind zul\u00e4ssig, wenn sie die urspr\u00fcngliche Gestaltung der Stiftung nicht<br \/>\nwesentlich ver\u00e4ndern oder die Erf\u00fcllung des Stiftungszwecks erleichtern.<br \/>\n3. Beschl\u00fcsse \u00fcber Satzungs\u00e4nderungen d\u00fcrfen die Steuerbeg\u00fcnstigung der<br \/>\nStiftung nicht beeintr\u00e4chtigen oder aufheben. Soweit sie sich auf die<br \/>\nSteuerbeg\u00fcnstigung der Stiftung auswirken k\u00f6nnen, sind sie der zust\u00e4ndigen<br \/>\nFinanzbeh\u00f6rde zur Stellungnahme vorzulegen.<br \/>\n4. Beschl\u00fcsse nach Abs. 1 bed\u00fcrfen der Zustimmung aller Mitglieder des<br \/>\nVorstands. Beschl\u00fcsse nach Abs. 2 sind wirksam, wenn mindestens drei<br \/>\nVorstandsmitglieder zustimmen.<br \/>\n5. Soweit die Satzungs\u00e4nderung der Genehmigung durch die zust\u00e4ndige staatliche<br \/>\nStiftungsbeh\u00f6rde bzw. die zust\u00e4ndige Kirchenbeh\u00f6rde bedarf, wird sie erst mit<br \/>\ndieser wirksam.<\/p>\n<p>\u00a7 14\u00a0\u00a0 <strong>Vertretung der Stiftung<\/strong><br \/>\n1. Die Stiftung wird gerichtlich und au\u00dfergerichtlich durch den Vorstand vertreten.<br \/>\n2. Rechtsgesch\u00e4ftliche Erkl\u00e4rungen bed\u00fcrfen der Mitwirkung zweier<br \/>\nVorstandsmitglieder, unter denen die\/der Vorsitzende oder die\/der<br \/>\nstellvertretende Vorsitzende sein muss.<\/p>\n<p>\u00a7 15\u00a0\u00a0 <strong>Stiftungsaufsicht<\/strong><br \/>\n1. Die Stiftungsaufsicht f\u00fchrt das Landeskirchenamt der Ev.-luth. Landeskirche<br \/>\nHannovers vorbehaltlich der nach den Bestimmungen des nieders\u00e4chsischen<br \/>\nStiftungsgesetzes bei der staatlichen Stiftungsbeh\u00f6rde verbleibenden<br \/>\nAufsichtsbefugnisse.<br \/>\n2. Der Vorstand teilt dem Landeskirchenamt \u00c4nderungen der Anschrift sowie der<br \/>\nVertretungsberechtigung und der Zusammensetzung des Vorstands unverz\u00fcglich<br \/>\nmit.<\/p>\n<p>\u00a7 16\u00a0\u00a0 <strong>Verm\u00f6gensanfall bei Aufl\u00f6sung<\/strong><br \/>\nBei Aufl\u00f6sung der Stiftung oder bei Wegfall der steuerbeg\u00fcnstigten Zwecke f\u00e4llt das<br \/>\nVerm\u00f6gen an die Ev.-luth. Kirchengemeinde Spiekeroog oder deren Rechtsnachfolgerin,<br \/>\ndie es in einer dem Stiftungszweck m\u00f6glichst nahe kommenden Weise ausschlie\u00dflich und<br \/>\nunmittelbar zu steuerbeg\u00fcnstigten Zwecken zu verwenden hat.<br \/>\n<em>Diese Satzung ist Bestandteil des Stiftungsgesch\u00e4fts der am Ostersonntag 2007 errichteten Spiekerooger Stiftung.<\/em><\/p>\n","protected":false},"excerpt":{"rendered":"<p>\u00a0 \u00a0 \u00a0 \u00a0 \u00a0 \u00a0 \u00a0 \u00a0 \u00a0 \u00a0 \u00a0 \u00a0 \u00a0 \u00a0 \u00a0 \u00a0 \u00a0 \u00a0 \u00a0 \u00a0 \u00a0 \u00a0 \u00a0 \u00a0 \u00a0 \u00a0 \u00a0 \u00a0 \u00a0 \u00a0 \u00a0 \u00a0 \u00a0 \u00a0 \u00a0 \u00a0 \u00a0 \u00a0 \u00a0 \u00a0 \u00a0 \u00a0 \u00a0 \u00a0 \u00a0 \u00a0 \u00a0 \u00a0 \u00a0 \u00a0 \u00a0 \u00a0 \u00a0\u00a0 \u00a0 \u00a0\u00a0\u00a0 [&hellip;]<\/p>\n","protected":false},"author":4,"featured_media":0,"parent":556,"menu_order":1,"comment_status":"open","ping_status":"open","template":"","meta":{"footnotes":""},"class_list":["post-66","page","type-page","status-publish","hentry"],"_links":{"self":[{"href":"https:\/\/spiekeroogerstiftung.de\/wp\/index.php?rest_route=\/wp\/v2\/pages\/66","targetHints":{"allow":["GET"]}}],"collection":[{"href":"https:\/\/spiekeroogerstiftung.de\/wp\/index.php?rest_route=\/wp\/v2\/pages"}],"about":[{"href":"https:\/\/spiekeroogerstiftung.de\/wp\/index.php?rest_route=\/wp\/v2\/types\/page"}],"author":[{"embeddable":true,"href":"https:\/\/spiekeroogerstiftung.de\/wp\/index.php?rest_route=\/wp\/v2\/users\/4"}],"replies":[{"embeddable":true,"href":"https:\/\/spiekeroogerstiftung.de\/wp\/index.php?rest_route=%2Fwp%2Fv2%2Fcomments&post=66"}],"version-history":[{"count":14,"href":"https:\/\/spiekeroogerstiftung.de\/wp\/index.php?rest_route=\/wp\/v2\/pages\/66\/revisions"}],"predecessor-version":[{"id":2429,"href":"https:\/\/spiekeroogerstiftung.de\/wp\/index.php?rest_route=\/wp\/v2\/pages\/66\/revisions\/2429"}],"up":[{"embeddable":true,"href":"https:\/\/spiekeroogerstiftung.de\/wp\/index.php?rest_route=\/wp\/v2\/pages\/556"}],"wp:attachment":[{"href":"https:\/\/spiekeroogerstiftung.de\/wp\/index.php?rest_route=%2Fwp%2Fv2%2Fmedia&parent=66"}],"curies":[{"name":"wp","href":"https:\/\/api.w.org\/{rel}","templated":true}]}}