{"id":58,"date":"2012-04-07T16:15:55","date_gmt":"2012-04-07T16:15:55","guid":{"rendered":"https:\/\/www.ssl360.de\/spiekerooger-stiftung\/?page_id=58"},"modified":"2024-10-18T21:39:09","modified_gmt":"2024-10-18T21:39:09","slug":"spenden","status":"publish","type":"page","link":"https:\/\/spiekeroogerstiftung.de\/wp\/?page_id=58","title":{"rendered":"Spendeninformation"},"content":{"rendered":"<p>UNTERST\u00dcTZEN SIE DIE SPIEKEROOGER STIFTUNG:<\/p>\n<p>Die Spiekerooger Stiftung ist eine Stiftung des b\u00fcrgerlichen Rechts und eine kirchliche Stiftung im Sinne von \u00a7 20 des Nieders\u00e4chsischen Stiftungsgesetzes. Sie ist als gemeinn\u00fctzig anerkannt. Deshalb sind <strong>Zuwendungen, <\/strong> d.h. <strong>Spenden<\/strong> in jeder beliebigen H\u00f6he und <strong>Zustiftungen<\/strong> (ab \u20ac 300,-) steuerlich als Sonderausgaben, bzw. als Werbungskosten absetzbar. Eine Zuwendungsbest\u00e4tigung erhalten Sie unaufgefordert, wenn Sie bei der \u00dcberweisung ihre Adresse im Verwendungzweck mit angeben.<\/p>\n<p>Zum Zeitpunkt der Gr\u00fcndung am Ostersonntag 2007 betrug das Stiftungskapital \u20ac 105.000,-. Durch Zustiftungen konnte es bis Anfang 2023 bereits auf \u20ac 450.000,- erh\u00f6ht werden. Dieses Kapital wird unter ethisch-nachhaltigen Kriterien angelegt. Die daraus erwirtschafteten Zinsertr\u00e4ge stehen der Stiftung zur Erf\u00fcllung ihrer Aufgaben zur Verf\u00fcgung.<\/p>\n<p>Eingehende Spenden (im Gegensatz zu den Zustiftungen) erh\u00f6hen nicht das Stiftungskapital, sondern stehen direkt der Arbeit der Stiftung und der Deckung der laufenden Kosten zur Verf\u00fcgung.<\/p>\n<p>Langfristig helfen auch besonders Zuwendungen aufgrund lebzeitiger Schenkungen und letztwilliger Verf\u00fcgung (Erbschaften und Verm\u00e4chtnisse). Infolge der Befreiung von der Schenkungs- und Erbschaftssteuer kommen diese finanziellen Unterst\u00fctzungen ungek\u00fcrzt der Spiekerooger Stiftung zugute.<\/p>\n<p>F\u00fcr alle Zuwendungen zugunsten der Spiekerooger Stiftung danken wir herzlich.<\/p>\n<p>Raiffeisen-Volksbank Fresena e.G.<br \/>\nBIC GENODEF1MAR<br \/>\nIBAN DE88 2836 1592 0022 2666 00<\/p>\n<p>Sparkasse LeerWittmund<br \/>\nBIC BRLADE21LER<br \/>\nIBAN DE61 2855 0000 0040 0040 04<\/p>\n<p>F\u00fcr Ihre R\u00fcckfragen stehen Ihnen die Mitglieder des Stiftungsvorstandes gerne zur Verf\u00fcgung:<\/p>\n<p>Michael Schmidt, <a href=\"mailto:MichaelSchmidt@spiekerooger-stiftung.de\">MichaelSchmidt@spiekerooger-stiftung.de<\/a><\/p>\n<p>Martin H\u00fcser, <a href=\"mailto:hueser@spiekerooger-stiftung.de\">MartinHueser@spiekerooger-stiftung.de<\/a><\/p>\n<p>&nbsp;<\/p>\n","protected":false},"excerpt":{"rendered":"<p>UNTERST\u00dcTZEN SIE DIE SPIEKEROOGER STIFTUNG: Die Spiekerooger Stiftung ist eine Stiftung des b\u00fcrgerlichen Rechts und eine kirchliche Stiftung im Sinne von \u00a7 20 des Nieders\u00e4chsischen Stiftungsgesetzes. Sie ist als gemeinn\u00fctzig anerkannt. Deshalb sind Zuwendungen, d.h. Spenden in jeder beliebigen H\u00f6he und Zustiftungen (ab \u20ac 300,-) steuerlich als Sonderausgaben, bzw. als Werbungskosten absetzbar. Eine Zuwendungsbest\u00e4tigung erhalten [&hellip;]<\/p>\n","protected":false},"author":4,"featured_media":0,"parent":551,"menu_order":4,"comment_status":"open","ping_status":"open","template":"","meta":{"footnotes":""},"class_list":["post-58","page","type-page","status-publish","hentry"],"_links":{"self":[{"href":"https:\/\/spiekeroogerstiftung.de\/wp\/index.php?rest_route=\/wp\/v2\/pages\/58","targetHints":{"allow":["GET"]}}],"collection":[{"href":"https:\/\/spiekeroogerstiftung.de\/wp\/index.php?rest_route=\/wp\/v2\/pages"}],"about":[{"href":"https:\/\/spiekeroogerstiftung.de\/wp\/index.php?rest_route=\/wp\/v2\/types\/page"}],"author":[{"embeddable":true,"href":"https:\/\/spiekeroogerstiftung.de\/wp\/index.php?rest_route=\/wp\/v2\/users\/4"}],"replies":[{"embeddable":true,"href":"https:\/\/spiekeroogerstiftung.de\/wp\/index.php?rest_route=%2Fwp%2Fv2%2Fcomments&post=58"}],"version-history":[{"count":49,"href":"https:\/\/spiekeroogerstiftung.de\/wp\/index.php?rest_route=\/wp\/v2\/pages\/58\/revisions"}],"predecessor-version":[{"id":2326,"href":"https:\/\/spiekeroogerstiftung.de\/wp\/index.php?rest_route=\/wp\/v2\/pages\/58\/revisions\/2326"}],"up":[{"embeddable":true,"href":"https:\/\/spiekeroogerstiftung.de\/wp\/index.php?rest_route=\/wp\/v2\/pages\/551"}],"wp:attachment":[{"href":"https:\/\/spiekeroogerstiftung.de\/wp\/index.php?rest_route=%2Fwp%2Fv2%2Fmedia&parent=58"}],"curies":[{"name":"wp","href":"https:\/\/api.w.org\/{rel}","templated":true}]}}