{"id":34,"date":"2012-04-07T16:01:40","date_gmt":"2012-04-07T16:01:40","guid":{"rendered":"https:\/\/www.ssl360.de\/spiekerooger-stiftung\/?page_id=34"},"modified":"2016-04-01T08:54:44","modified_gmt":"2016-04-01T08:54:44","slug":"spiekerooger-dreiklang","status":"publish","type":"page","link":"https:\/\/spiekeroogerstiftung.de\/wp\/?page_id=34","title":{"rendered":"Dreiklang"},"content":{"rendered":"<p>Der Spiekerooger Dreiklang<br \/>\nKirchen auf der Insel sind keine Museen sondern lebendige Gottesh\u00e4user<\/p>\n<p>Es war eine der guten Ideen, die in der \u00d6kumene wachsen k\u00f6nnen: auf einer Insel, auf der Menschen vor allem deswegen Urlaub machen, weil sie trotz aller Aktivit\u00e4ten und Angebote Ruhe ausstrahlt, weil sie einl\u00e4dt, in der gro\u00dfartigen Natur (seine) innere und \u00e4u\u00dfere Ruhe und Balance wieder zu finden, da bieten die Kirchenr\u00e4ume noch einmal einen ganz eigenen Zugang. Denn Kirchen sind nicht irgendwelche Geb\u00e4ude, sondern sie haben eine Idee in sich, eine Botschaft durch Architektur und Ausstattung, die auch Menschen ber\u00fchrt, die sich ansonsten vielleicht von Kirchen fernhalten. Und nicht zu vergessen: die Kirchen auf Spiekeroog sind keine Museen, sondern lebendige R\u00e4ume, in denen sich immer wieder Menschen versammeln &#8211; allein oder in einer Feiergemeinschaft &#8211; um die alten Worte der Bibel f\u00fcr sich pers\u00f6nlich lebendig zu machen.<\/p>\n<p>Die evangelischen Christen laden mit Beginn der Osterferien bis Ende der Herbstferien &#8211; und an Weihnachten und Silvester &#8211; zum Gottesdienst in die 1961 fertiggestellte Neue evangelische Kirche ein. Die evangelisch-lutherische Kirchengemeinde der Insel z\u00e4hlt knapp 500 Gemeindeglieder. Im Winterhalbjahr bleibt die Alte Inselkirche aus dem Jahr 1696 der Ort f\u00fcr den sonnt\u00e4glichen Gottesdienst. Hier finden auch die Trauerfeiern vor dem Zug zum Gemeindefriedhof und der Beisetzung statt. W\u00e4hrend der Saison gibt es in der Alten Inselkirche mehrere Andachten pro Woche, sonntags wird hier Kindergottesdienst gefeiert. Au\u00dferdem ist die \u00e4lteste Inselkirche Ostfrieslands eine beliebte St\u00e4tte f\u00fcr Trauungen. 1970 wurde up de H\u00f6cht von Bischof Dr. Brandenburg die katholische Kirche St. Peter im Stil eines gro\u00dfen Zeltes eingeweiht. Im Sommerhalbjahr gibt es hier mit Unterst\u00fctzung von Kurpastoren Gottesdienste und Messen. St. Peter ist eine Filalkirche der katholischen Kirchengemeinde St. Willehad in Esens. Auf der Insel leben knapp 50 katholische Christen.<\/p>\n<p>Im Jahr 2005 wurde erstmals die Idee eines spirituellen Weges von Kirche zu Kirche umgesetzt. Die Leitidee war dabei, dass jeweils eine Figur oder ein Gegenstand aus der jeweiligen Kirche die Teilnehmer mitnehmen auf einen Entdeckungsweg, der Menschen die Bedeutung dessen, was in den Kirchen zu finden ist, mitnehmen sollte &#8211; keine kunsthistorischen Erkl\u00e4rungen, sondern eine innere Erschlie\u00dfung dessen, wovon der jeweilige Raum spricht, ja erz\u00e4hlt durch seine Form, seine Bilder, seine Ausstattung.<\/p>\n<p>Drei Jahre fand der \u201eDreiklang\u201c unter dieser Orientierung statt &#8211; und war auch noch einmal ganz besonders, als im dritten Jahr die Rollen getauscht wurden, als der katholische Teil die evangelischen Kirchenr\u00e4ume erschloss und umgekehrt. Eine spannende Geschichte, denn der jeweilige Blick und das Empfinden n\u00e4hrt sich ja doch aus dem, was gepr\u00e4gt hat und theologisch verantwortet wird. So gab es dadurch interessante \u201eZuw\u00e4chse\u201c \u2013 f\u00fcr die Teilnehmer, aber auch f\u00fcr die Durchf\u00fchrenden.<\/p>\n<p>Mit dem personellen Wechsel in der Spiekerooger Pfarrstelle zum 1. Dezember 2008 ist der \u201eDreiklang\u201c nicht ausgeklungen, sondern geht unter neuem Konzept weiter. Als neue Leitidee wurden fundamentale Fragen nach dem Woher, Warum und Wie des Glaubens, des Glauben-K\u00f6nnens gestellt, nach der tats\u00e4chlichen Relevanz f\u00fcr das pers\u00f6nliche und gesellschaftliche Leben.<\/p>\n<p>Dies sind keine neuen Fragen, sondern Fragen einer jeden Zeit und Generation, die aber immer wieder neue Antworten finden m\u00fcssen. Der Dreiklang soll dazu helfen und einen, ja drei R\u00e4ume anbieten. Diese R\u00e4ume geben Zeugnis, diese R\u00e4ume lassen Atmosph\u00e4re sp\u00fcren, ein Durchlebt-sein von Menschen , die glauben oder ihren Glauben suchen.<\/p>\n<p>Mehr l\u00e4sst sich nicht schreiben, mehr l\u00e4sst sich nur erfahren, begehen \u2013 beim \u201eSpiekerooger Dreiklang\u201c. Gehen Sie doch mal mit!<\/p>\n<p>Brigitte Hesse, Regionalstelle Kirche an der K\u00fcste<\/p>\n","protected":false},"excerpt":{"rendered":"<p>Der Spiekerooger Dreiklang Kirchen auf der Insel sind keine Museen sondern lebendige Gottesh\u00e4user Es war eine der guten Ideen, die in der \u00d6kumene wachsen k\u00f6nnen: auf einer Insel, auf der Menschen vor allem deswegen Urlaub machen, weil sie trotz aller Aktivit\u00e4ten und Angebote Ruhe ausstrahlt, weil sie einl\u00e4dt, in der gro\u00dfartigen Natur (seine) innere und [&hellip;]<\/p>\n","protected":false},"author":4,"featured_media":0,"parent":49,"menu_order":5,"comment_status":"open","ping_status":"open","template":"","meta":{"footnotes":""},"class_list":["post-34","page","type-page","status-publish","hentry"],"_links":{"self":[{"href":"https:\/\/spiekeroogerstiftung.de\/wp\/index.php?rest_route=\/wp\/v2\/pages\/34","targetHints":{"allow":["GET"]}}],"collection":[{"href":"https:\/\/spiekeroogerstiftung.de\/wp\/index.php?rest_route=\/wp\/v2\/pages"}],"about":[{"href":"https:\/\/spiekeroogerstiftung.de\/wp\/index.php?rest_route=\/wp\/v2\/types\/page"}],"author":[{"embeddable":true,"href":"https:\/\/spiekeroogerstiftung.de\/wp\/index.php?rest_route=\/wp\/v2\/users\/4"}],"replies":[{"embeddable":true,"href":"https:\/\/spiekeroogerstiftung.de\/wp\/index.php?rest_route=%2Fwp%2Fv2%2Fcomments&post=34"}],"version-history":[{"count":2,"href":"https:\/\/spiekeroogerstiftung.de\/wp\/index.php?rest_route=\/wp\/v2\/pages\/34\/revisions"}],"predecessor-version":[{"id":1367,"href":"https:\/\/spiekeroogerstiftung.de\/wp\/index.php?rest_route=\/wp\/v2\/pages\/34\/revisions\/1367"}],"up":[{"embeddable":true,"href":"https:\/\/spiekeroogerstiftung.de\/wp\/index.php?rest_route=\/wp\/v2\/pages\/49"}],"wp:attachment":[{"href":"https:\/\/spiekeroogerstiftung.de\/wp\/index.php?rest_route=%2Fwp%2Fv2%2Fmedia&parent=34"}],"curies":[{"name":"wp","href":"https:\/\/api.w.org\/{rel}","templated":true}]}}