{"id":29,"date":"2012-04-07T16:00:31","date_gmt":"2012-04-07T16:00:31","guid":{"rendered":"https:\/\/www.ssl360.de\/spiekerooger-stiftung\/?page_id=29"},"modified":"2026-04-08T20:49:23","modified_gmt":"2026-04-08T20:49:23","slug":"stifterversammlung","status":"publish","type":"page","link":"https:\/\/spiekeroogerstiftung.de\/wp\/?page_id=29","title":{"rendered":"Stifterversammlung"},"content":{"rendered":"<p>Die Stifterversammlung der <strong>Spiekerooger Stiftung <\/strong>\u00a0wurde am 01. Dezember 2025 veranstaltet.<\/p>\n<p>Im Anschluss fand das erste lebendige Adventskalender-T\u00fcrchen am evangelischen Gemeindehaus statt.<\/p>\n<p>&nbsp;<\/p>\n<p>&nbsp;<\/p>\n<p style=\"text-align: center;\"><strong> Bericht des Vorstandes zum Jahr 2025<\/strong><\/p>\n<p>Der Vorsitzende des Vorstandes, Michael Schmidt, berichtet f\u00fcr den Vorstand. Der Vorstand traf sich im laufenden Jahr mehrfach; die Sitzungen fanden nach Bedarf statt.<\/p>\n<p>Der Vorstand hat im Jahr 2025 wieder die drei traditionellen Aktivit\u00e4ten der Stiftung organisiert. Das Stiftungsfest fand am 17.08.2025 im Rahmen einer Tagesveranstaltung statt. Es wurde gerillt, dazu gab es ein Salatbuffet. Als Lehre aus dem letzten Jahr, in dem es zu wenige Salate gab, wurden verschiedene Einrichtungen um eine Salatspende gebeten. Sp\u00e4ter wurde Kaffee und Kuchen verkauft. Das Fest war insgesamt gut besucht. Aus Sicht des Vorstandes fanden sich wenige Insulaner-Familien ein. Nach einer kurzfristigen Absage des Musikvereins, sprang der Posaunenchor spontan ein. Au\u00dferdem wurde die Veranstaltung am Klavier musikalisch untermalt. Seitens einiger Besucher gab es positive R\u00fcckmeldungen zu den f\u00fcr Inselverh\u00e4ltnisse g\u00fcnstigen Preisen.<\/p>\n<p>Wie in diesem Jahr, wird das Stiftungsfest in 2026 an dem Wochenende im Anschluss an die Papierbootregatta stattfinden. Dies ist mit der Kulturstiftung und NSB abgesprochen. Die Logistik hinsichtlich der ben\u00f6tigten Utensilien, Tische und B\u00e4nke hat sich aus Sicht des Vorstandes bew\u00e4hrt.<\/p>\n<p>Der Verkauf des Adventskalenders 2025 erfolgte in der letztj\u00e4hrig erh\u00f6hten Auflage von 950 St\u00fcck. Der Verkauf wurde lediglich \u00fcber Inselbote und das Portal nebenan.de beworben. Verkaufsstellen waren Kogge, RV-Bank, Teekontor Bellstedt sowie Gr\u00fcner Inselmarkt.<\/p>\n<p>F\u00fcr den Lebendigen Adventskalender 2025 wurden wieder 24 Sponsoren gewonnen. Elisabeth G\u00fcnnewig hat erneut alle 24 Abende mit kleinen Veranstaltungen belegen k\u00f6nnen. Den Auftakt, die \u201e\u00d6ffnung des ersten T\u00fcrchens&#8220;, \u00fcbernimmt die Stiftung im Anschluss an die Versammlung.<\/p>\n<p>Die Stiftung hat ein Vorhaben der evangelischen Kirchengemeinde finanziell unterst\u00fctzt: Es wurden zwei alte Dalben des Segelvereins gekauft. Damit wird auf dem Friedhof ein Ort der Erinnerung f\u00fcr verstorbene Insulaner geschaffen, die nicht hier beerdigt wurden bzw. werden.<\/p>\n<p>Der Kassenwart Martin H\u00fcser berichtet \u00fcber die Entwicklung der Finanzen des Jahres 2024, der Bericht ist dem Protokoll als Anlage beigef\u00fcgt. Erg\u00e4nzend erkl\u00e4rt Herr H\u00fcser, dass nicht alle Gewinne aus der Kalenderverlosung abgerufen wurden; selten werden diese der Stiftung gespendet. Die Unterlagen f\u00fcr den Jahresabschluss 2025 werden in K\u00fcrze bei dem Steuerb\u00fcro Arndt &amp; Bartsch, Esens, welches die Stiftung betreut, eingereicht.<\/p>\n<p>F\u00fcr den Vorstand,<br \/>\nMichael Schmidt<\/p>\n<p style=\"text-align: center;\"><strong>Bericht des Kassenwartes zum Jahr 2024<\/strong><\/p>\n<p>Die Spiekerooger Stiftung unterh\u00e4lt unver\u00e4ndert Konten bei 4 Banken. Bei der Sparkasse und der Raiffeisen-Volksbank werden neben den Anlagekonten die beiden Girokonten gef\u00fchrt, mit denen der t\u00e4gliche Zahlungsverkehr abgewickelt wird.<br \/>\nDar\u00fcber hinaus wird bei der GLS-Bank, Bochum ein Wertpapierdepot gehalten und bei der Debeka-Versicherung eine Festgeldkonto.<\/p>\n<p>Im Laufe des Jahres 2024 konnten gr\u00f6\u00dfere Summen mit festen Zinss\u00e4tzen von bis zu 3,5 % umverteilt werden. Dazu wurden die beiden Volksbank-Sparb\u00fccher aufgel\u00f6st und auf das Girokonto umgebucht. Diese beiden Sparb\u00fccher hatten nur eine Verzinsung von 0,1 % und 0,25 %.<\/p>\n<p>Erst im Jahre 2025 haben wir dieses frei gewordene Kapital von 100 TEUR bei der Debeka Bausparkasse f\u00fcr 10 Jahre mit 2,4 % angelegt.<\/p>\n<p>Unser Jahresergebnis 2024 entwickelt sich weiter leicht positiv. In der Banken\u00fcbersicht vom Januar 2025 steht ein Plus von 9.067, 92 EUR.<\/p>\n<p>Der Jahresabschluss f\u00fcr 2024 liegt noch nicht vor. Unsere Steuerberaterin und Wirtschaftspr\u00fcfungs-Gesellschaft Arndt, Bartsch &amp; Partner haben die Unterlagen f\u00fcr das 4. Quartal 2024 erst vor Kurzem erhalten und konnten daher den Abschluss noch nicht erstellen.<\/p>\n<p>F\u00fcr den Vorstand,<br \/>\nMartin H\u00fcser<\/p>\n<p>&nbsp;<\/p>\n<p>&nbsp;<\/p>\n<p><strong>Die \u00e4lteren Jahresberichte:<\/strong><\/p>\n<p>Bericht des Vorstandes zum Jahr 2023<\/p>\n<p>wurde den Stiftern per Mail auf Wunsch zugesendet; im Schaukasten der Stiftung am Glockenturm der Neuen Kirche<br \/>\nauf der Insel \u00f6ffentlich f\u00fcr 4 Wochen ausgeh\u00e4ngt, sowie hiermit auf der Internetseite der Stiftung allen Interessierten bekannt gemacht:<\/p>\n<p>Bevor wir auf das Jahr 2022, das zweite Jahr \u201enach Corona\u201c (in 2021 konnten wir unter Auflagen unsere Aktivit\u00e4ten zu Teil wieder starten) eingehen, eine bedauernswerte Mitteilung. Unser Vorstandsvorsitzender, Jochen Bellstedt, hat nach nur 20 Monaten sein Amt kurzfristig mit sofortiger Wirkung abgetreten (Juli 2021 \u2013 31. M\u00e4rz 2023).<\/p>\n<p>Seit M\u00e4rz 2023 musste ich als Stellvertreter wieder alle Gesch\u00e4fte verantworten.<\/p>\n<p>Wir sind allerdings froher Dinge, dass wir sp\u00e4testens mit Ende diesen Jahres einen neuen Vorsitzenden benennen k\u00f6nnen. Michael Schmidt hat sich bereit erkl\u00e4rt, ich muss sagen \u201ewieder\u201c im Vorstand mitzuarbeiten und evtl. den Vorsitz zu \u00fcbernehmen.<\/p>\n<p>Unsere drei arbeitsintensiven und sch\u00f6ne Aktivit\u00e4ten, das Sommerfest und unsere Adventskalenderaktionen haben im Jahr 2022 wieder stattgefunden.<\/p>\n<p>Unser Konzept, nach Corona mit einem Sommerfest in kleinerem Rahmen, d. h. ohne Abendveranstaltung stattfinden zu lassen, hat sich sehr gut bew\u00e4hrt.<\/p>\n<p>Es war zwar immer ein sch\u00f6nes Highlight, in den letzten Jahren vor Corona mit der Band Skalinka bis sp\u00e4t in den Abend hinein auch die J\u00fcngern und jung Gebliebenen anzusprechen, aber der Arbeitsaufwand f\u00fcr den Abendteil doch verh\u00e4ltnism\u00e4\u00dfig hoch. Und auch hier entstehen die meisten Kosten, da die Band mit allem Equipment vom Festland kommt und hier \u00fcbernachten muss.<\/p>\n<p>Den lebendigen Adventskalender haben wir im Jahr 2022 wieder hoffnungsvoll organisiert und dann sehr erfolgreich durchgef\u00fchrt. Es ist jedes Mal wieder eine Freude, mit welchem Eifer sich Familien, G\u00e4ste, aber vor allem Heime und andere Institutionen der Insel hier engagieren.<\/p>\n<p>F\u00fcr unsere Adventskalender \u2013 Lotterie haben wir ja immer das Gl\u00fcckslos w\u00e4hrend der abendlichen gemeinsamen Zeit beim lebendigen Adventskalender gezogen. Es wurden alle Kalender fr\u00fchzeitig verkauft. Viele Spiekeroog-FreundInnen haben sich den Kalender zuschicken lassen, mehr als jemals zuvor. 156 Exemplare habe ich per Post verschickt. Und dabei konnte ich 13 Anfragen schon nicht mehr bedienen. Es ist schon ein enormer Aufwand, nicht nur den Versand (Anschreiben erstellen, Eint\u00fcten und zur Post bringen) zu handeln, sondern erstmal die Anfragen per Email zu betreuen, zu pr\u00fcfen, ob die \u00dcberweisung eingetroffen ist und dann beizuhalten, welche Anfragen schon versendet wurden.<\/p>\n<p>Daher hatten wir entschieden, in 2023 keine \u201eWerbung\u201c mehr \u00fcber die sozialen Netzwerke zu machen, wobei uns unsere ehemaliges Vorstandsmitglied Oliver Sch\u00fctte dankenswerter Weise unterst\u00fctzt hat. Und trotzdem habe ich dieses Jahr schon wieder \u00fcber 115 Kalender verschickt.<\/p>\n<p>Nach den Diskussionen im Vorstand, ob wir die Anzahl der Kalender im Folgejahr erh\u00f6hen wollen, einige Inselbewohner hatten sich beschwert, dass die Kalender bereits Ende Oktober ausverkauft waren, haben wir uns dieses Jahr 2023 entschieden, die Auflage auf 950 Kalender zu erh\u00f6hen.<\/p>\n<p>Unsere drei Verkaufsstellen auf der Insel, Frischemarkt, Volksbank und Kogge haben sich wieder bereit erkl\u00e4rt, die Kalender anzubieten. Auch hier ist der Verkauf in vollem Gange und wir sind gespannt, ob wieder alle Kalender an die Frau \/ den Mann gebracht werden.<\/p>\n<p>Was ist vom vergangenen Jahr 2022 noch zu berichten?<\/p>\n<p>Die n\u00fcchternen Wirtschaftszahlen, siehe Tabelle, zeigen das Ergebnis.<\/p>\n<p>Auch das Sommerfest hat wieder zum Jahresergebnis positiv beigetragen.<\/p>\n<p>Zum Schluss noch das allerwichtigste.<\/p>\n<p>Pastor Friedemann Schmidt-Eggert ist seit Fr\u00fchjahr 2022 auf der Insel! Von Anfang an ist er offen, musikbegeistert und mit Hundebotschafter auf die Inselgemeinde zugegangen. Nach mehr als einem Jahr kann ich wohl behaupten, die Insel hat hier einen Gl\u00fccksgriff gemacht.<\/p>\n<p>F\u00fcr den Vorstand,<br \/>\nMartin H\u00fcser<\/p>\n","protected":false},"excerpt":{"rendered":"<p>Die Stifterversammlung der Spiekerooger Stiftung \u00a0wurde am 01. Dezember 2025 veranstaltet. Im Anschluss fand das erste lebendige Adventskalender-T\u00fcrchen am evangelischen Gemeindehaus statt. &nbsp; &nbsp; Bericht des Vorstandes zum Jahr 2025 Der Vorsitzende des Vorstandes, Michael Schmidt, berichtet f\u00fcr den Vorstand. Der Vorstand traf sich im laufenden Jahr mehrfach; die Sitzungen fanden nach Bedarf statt. Der [&hellip;]<\/p>\n","protected":false},"author":4,"featured_media":0,"parent":556,"menu_order":3,"comment_status":"open","ping_status":"open","template":"","meta":{"footnotes":""},"class_list":["post-29","page","type-page","status-publish","hentry"],"_links":{"self":[{"href":"https:\/\/spiekeroogerstiftung.de\/wp\/index.php?rest_route=\/wp\/v2\/pages\/29","targetHints":{"allow":["GET"]}}],"collection":[{"href":"https:\/\/spiekeroogerstiftung.de\/wp\/index.php?rest_route=\/wp\/v2\/pages"}],"about":[{"href":"https:\/\/spiekeroogerstiftung.de\/wp\/index.php?rest_route=\/wp\/v2\/types\/page"}],"author":[{"embeddable":true,"href":"https:\/\/spiekeroogerstiftung.de\/wp\/index.php?rest_route=\/wp\/v2\/users\/4"}],"replies":[{"embeddable":true,"href":"https:\/\/spiekeroogerstiftung.de\/wp\/index.php?rest_route=%2Fwp%2Fv2%2Fcomments&post=29"}],"version-history":[{"count":17,"href":"https:\/\/spiekeroogerstiftung.de\/wp\/index.php?rest_route=\/wp\/v2\/pages\/29\/revisions"}],"predecessor-version":[{"id":2430,"href":"https:\/\/spiekeroogerstiftung.de\/wp\/index.php?rest_route=\/wp\/v2\/pages\/29\/revisions\/2430"}],"up":[{"embeddable":true,"href":"https:\/\/spiekeroogerstiftung.de\/wp\/index.php?rest_route=\/wp\/v2\/pages\/556"}],"wp:attachment":[{"href":"https:\/\/spiekeroogerstiftung.de\/wp\/index.php?rest_route=%2Fwp%2Fv2%2Fmedia&parent=29"}],"curies":[{"name":"wp","href":"https:\/\/api.w.org\/{rel}","templated":true}]}}